{"id":134,"date":"2025-10-30T10:16:23","date_gmt":"2025-10-30T10:16:23","guid":{"rendered":"https:\/\/lauraortizpsicologia.com\/?page_id=134"},"modified":"2026-01-16T11:41:56","modified_gmt":"2026-01-16T11:41:56","slug":"sobre-mi","status":"publish","type":"page","link":"https:\/\/lauraortizpsicologia.com\/index.php\/sobre-mi\/","title":{"rendered":"Sobre mi"},"content":{"rendered":"\t\t<div data-elementor-type=\"wp-page\" data-elementor-id=\"134\" class=\"elementor elementor-134\" data-elementor-post-type=\"page\">\n\t\t\t\t<div class=\"elementor-element elementor-element-2063c4a2 e-flex e-con-boxed e-con e-parent\" data-id=\"2063c4a2\" data-element_type=\"container\" data-settings=\"{&quot;background_background&quot;:&quot;classic&quot;}\">\n\t\t\t\t\t<div class=\"e-con-inner\">\n\t\t\t\t<div class=\"elementor-element elementor-element-7d87186f elementor-widget elementor-widget-heading\" data-id=\"7d87186f\" data-element_type=\"widget\" data-widget_type=\"heading.default\">\n\t\t\t\t\t<h2 class=\"elementor-heading-title elementor-size-default\">SOBRE M\u00cd<\/h2>\t\t\t\t<\/div>\n\t\t\t\t\t<\/div>\n\t\t\t\t<\/div>\n\t\t<div class=\"elementor-element elementor-element-3af8dbb e-flex e-con-boxed e-con e-parent\" data-id=\"3af8dbb\" data-element_type=\"container\" data-settings=\"{&quot;background_background&quot;:&quot;classic&quot;}\">\n\t\t\t\t\t<div class=\"e-con-inner\">\n\t\t<div class=\"elementor-element elementor-element-e0d5114 e-con-full e-flex e-con e-child\" data-id=\"e0d5114\" data-element_type=\"container\" data-settings=\"{&quot;background_background&quot;:&quot;classic&quot;}\">\n\t\t\t\t<div class=\"elementor-element elementor-element-5d2d0b0 elementor-invisible elementor-widget elementor-widget-image\" data-id=\"5d2d0b0\" data-element_type=\"widget\" data-settings=\"{&quot;_animation&quot;:&quot;slideInLeft&quot;}\" data-widget_type=\"image.default\">\n\t\t\t\t\t\t\t\t\t\t\t\t\t\t\t<img decoding=\"async\" src=\"https:\/\/lauraortizpsicologia.com\/wp-content\/uploads\/elementor\/thumbs\/DSC04907-Mejorado-NR-scaled-revw75vjyspeh631rhszcw72fcwagyijg9rr879eeo.jpg\" title=\"DSC04907-Mejorado-NR\" alt=\"DSC04907-Mejorado-NR\" loading=\"lazy\" \/>\t\t\t\t\t\t\t\t\t\t\t\t\t\t\t<\/div>\n\t\t<div class=\"elementor-element elementor-element-01978d7 e-con-full e-flex elementor-invisible e-con e-child\" data-id=\"01978d7\" data-element_type=\"container\" data-settings=\"{&quot;animation&quot;:&quot;slideInUp&quot;}\">\n\t\t\t\t<div class=\"elementor-element elementor-element-674a367 elementor-widget elementor-widget-image\" data-id=\"674a367\" data-element_type=\"widget\" data-widget_type=\"image.default\">\n\t\t\t\t\t\t\t\t\t\t\t\t\t\t\t<img decoding=\"async\" src=\"https:\/\/lauraortizpsicologia.com\/wp-content\/uploads\/elementor\/thumbs\/DSC04949-scaled-revw57djpi0nz004mqh3otswg8nduv4srnp9xtl39o.jpg\" title=\"DSC04949\" alt=\"DSC04949\" loading=\"lazy\" \/>\t\t\t\t\t\t\t\t\t\t\t\t\t\t\t<\/div>\n\t\t\t\t<\/div>\n\t\t\t\t<\/div>\n\t\t<div class=\"elementor-element elementor-element-f827c73 e-con-full e-flex e-con e-child\" data-id=\"f827c73\" data-element_type=\"container\">\n\t\t\t\t<div class=\"elementor-element elementor-element-595c678 animated-fast elementor-invisible elementor-widget elementor-widget-heading\" data-id=\"595c678\" data-element_type=\"widget\" data-settings=\"{&quot;_animation&quot;:&quot;slideInLeft&quot;}\" data-widget_type=\"heading.default\">\n\t\t\t\t\t<h5 class=\"elementor-heading-title elementor-size-default\">Sobre mi <\/h5>\t\t\t\t<\/div>\n\t\t\t\t<div class=\"elementor-element elementor-element-9618ec6 elementor-widget__width-initial elementor-invisible elementor-widget elementor-widget-heading\" data-id=\"9618ec6\" data-element_type=\"widget\" data-settings=\"{&quot;_animation&quot;:&quot;slideInLeft&quot;}\" data-widget_type=\"heading.default\">\n\t\t\t\t\t<h2 class=\"elementor-heading-title elementor-size-default\">Hola, soy Laura, psic\u00f3loga especializada en ansiedad, autoestima y relaciones personales<\/h2>\t\t\t\t<\/div>\n\t\t\t\t<div class=\"elementor-element elementor-element-0c9d6d8 animated-slow elementor-invisible elementor-widget elementor-widget-text-editor\" data-id=\"0c9d6d8\" data-element_type=\"widget\" data-settings=\"{&quot;_animation&quot;:&quot;slideInLeft&quot;}\" data-widget_type=\"text-editor.default\">\n\t\t\t\t\t\t\t\t\t<p class=\"p1\">Trabajo acompa\u00f1ando a personas que atraviesan momentos dif\u00edciles, ayud\u00e1ndolas a comprender lo que sienten y a encontrar recursos para mejorar su bienestar.<\/p><p class=\"p1\">Mi enfoque es <span class=\"s1\">integrador y personalizado<\/span>, porque cada persona y cada proceso son \u00fanicos. En cada sesi\u00f3n creamos un espacio de <span class=\"s1\">escucha, respeto y confidencialidad<\/span>, tanto en modalidad presencial como online.<\/p>\t\t\t\t\t\t\t\t<\/div>\n\t\t<div class=\"elementor-element elementor-element-cb2e16a e-con-full e-flex e-con e-child\" data-id=\"cb2e16a\" data-element_type=\"container\">\n\t\t\t\t<div class=\"elementor-element elementor-element-cabff21 animated-fast elementor-invisible elementor-widget elementor-widget-image-box\" data-id=\"cabff21\" data-element_type=\"widget\" data-settings=\"{&quot;_animation&quot;:&quot;slideInUp&quot;}\" data-widget_type=\"image-box.default\">\n\t\t\t\t\t<div class=\"elementor-image-box-wrapper\"><div class=\"elementor-image-box-content\"><h4 class=\"elementor-image-box-title\">Escucha activa<\/h4><p class=\"elementor-image-box-description\">Un espacio seguro donde sentirte comprendido\/a y libre de juicios.<\/p><\/div><\/div>\t\t\t\t<\/div>\n\t\t\t\t<div class=\"elementor-element elementor-element-0ce2ba1 elementor-invisible elementor-widget elementor-widget-image-box\" data-id=\"0ce2ba1\" data-element_type=\"widget\" data-settings=\"{&quot;_animation&quot;:&quot;slideInUp&quot;}\" data-widget_type=\"image-box.default\">\n\t\t\t\t\t<div class=\"elementor-image-box-wrapper\"><div class=\"elementor-image-box-content\"><h4 class=\"elementor-image-box-title\">Bienestar emocional<\/h4><p class=\"elementor-image-box-description\">Te ayudo a identificar lo que sientes y recuperar tu equilibrio interior.<\/p><\/div><\/div>\t\t\t\t<\/div>\n\t\t\t\t<\/div>\n\t\t\t\t<div class=\"elementor-element elementor-element-1d3783b elementor-invisible elementor-widget elementor-widget-image-box\" data-id=\"1d3783b\" data-element_type=\"widget\" data-settings=\"{&quot;_animation&quot;:&quot;slideInLeft&quot;}\" data-widget_type=\"image-box.default\">\n\t\t\t\t\t<div class=\"elementor-image-box-wrapper\"><div class=\"elementor-image-box-content\"><h4 class=\"elementor-image-box-title\">Tu bienestar emocional tambi\u00e9n merece tiempo y espacio<\/h4><\/div><\/div>\t\t\t\t<\/div>\n\t\t\t\t<div class=\"elementor-element elementor-element-d7a7a78 animated-slow elementor-tablet-align-center elementor-invisible elementor-widget elementor-widget-button\" data-id=\"d7a7a78\" data-element_type=\"widget\" data-settings=\"{&quot;_animation&quot;:&quot;slideInLeft&quot;}\" data-widget_type=\"button.default\">\n\t\t\t\t\t\t\t\t\t\t<a class=\"elementor-button elementor-button-link elementor-size-sm elementor-animation-shrink\" href=\"#\">\n\t\t\t\t\t\t<span class=\"elementor-button-content-wrapper\">\n\t\t\t\t\t\t\t\t\t<span class=\"elementor-button-text\">Con\u00f3ceme mejor<\/span>\n\t\t\t\t\t<\/span>\n\t\t\t\t\t<\/a>\n\t\t\t\t\t\t\t\t<\/div>\n\t\t\t\t<\/div>\n\t\t\t\t\t<\/div>\n\t\t\t\t<\/div>\n\t\t<div class=\"elementor-element elementor-element-4b6bcc6 e-flex e-con-boxed e-con e-parent\" data-id=\"4b6bcc6\" data-element_type=\"container\">\n\t\t\t\t\t<div class=\"e-con-inner\">\n\t\t<div class=\"elementor-element elementor-element-2a86df7 e-con-full e-flex e-con e-child\" data-id=\"2a86df7\" data-element_type=\"container\">\n\t\t<div class=\"elementor-element elementor-element-7d7d0c0 e-con-full e-flex e-con e-child\" data-id=\"7d7d0c0\" data-element_type=\"container\">\n\t\t\t\t<div class=\"elementor-element elementor-element-7f95936 animated-fast elementor-invisible elementor-widget elementor-widget-heading\" data-id=\"7f95936\" data-element_type=\"widget\" data-settings=\"{&quot;_animation&quot;:&quot;slideInLeft&quot;}\" data-widget_type=\"heading.default\">\n\t\t\t\t\t<h5 class=\"elementor-heading-title elementor-size-default\">Mi compromiso contigo <\/h5>\t\t\t\t<\/div>\n\t\t\t\t<div class=\"elementor-element elementor-element-9932d23 elementor-widget__width-initial elementor-widget-tablet__width-initial elementor-invisible elementor-widget elementor-widget-heading\" data-id=\"9932d23\" data-element_type=\"widget\" data-settings=\"{&quot;_animation&quot;:&quot;slideInLeft&quot;}\" data-widget_type=\"heading.default\">\n\t\t\t\t\t<h2 class=\"elementor-heading-title elementor-size-default\">Tu bienestar emocional es mi prioridad<\/h2>\t\t\t\t<\/div>\n\t\t\t\t<div class=\"elementor-element elementor-element-0c68c9d animated-slow elementor-invisible elementor-widget elementor-widget-text-editor\" data-id=\"0c68c9d\" data-element_type=\"widget\" data-settings=\"{&quot;_animation&quot;:&quot;slideInLeft&quot;}\" data-widget_type=\"text-editor.default\">\n\t\t\t\t\t\t\t\t\t<p class=\"p1\">Cada persona merece un espacio donde ser escuchada sin juicios.<\/p><p class=\"p1\">Mi objetivo es acompa\u00f1arte a comprender lo que sientes, ayudarte a manejar tus emociones y ofrecerte herramientas que te permitan recuperar la calma y el equilibrio en tu d\u00eda a d\u00eda.<\/p><p class=\"p1\">Trabajo desde la empat\u00eda, la confianza y el respeto, creando un entorno seguro tanto en sesiones presenciales como online.<\/p>\t\t\t\t\t\t\t\t<\/div>\n\t\t\t\t<div class=\"elementor-element elementor-element-e86a18f elementor-widget elementor-widget-spacer\" data-id=\"e86a18f\" data-element_type=\"widget\" data-widget_type=\"spacer.default\">\n\t\t\t\t\t\t\t<div class=\"elementor-spacer\">\n\t\t\t<div class=\"elementor-spacer-inner\"><\/div>\n\t\t<\/div>\n\t\t\t\t\t\t<\/div>\n\t\t<div class=\"elementor-element elementor-element-5363176 e-con-full e-flex e-con e-child\" data-id=\"5363176\" data-element_type=\"container\">\n\t\t<div class=\"elementor-element elementor-element-b5b6c80 e-con-full e-flex e-con e-child\" data-id=\"b5b6c80\" data-element_type=\"container\">\n\t\t\t\t<div class=\"elementor-element elementor-element-3eb78e8 animated-slow elementor-invisible elementor-widget elementor-widget-counter\" data-id=\"3eb78e8\" data-element_type=\"widget\" data-settings=\"{&quot;_animation&quot;:&quot;slideInLeft&quot;,&quot;_animation_delay&quot;:400}\" data-widget_type=\"counter.default\">\n\t\t\t\t\t\t\t<div class=\"elementor-counter\">\n\t\t\t\t\t\t<div class=\"elementor-counter-number-wrapper\">\n\t\t\t\t<span class=\"elementor-counter-number-prefix\"><\/span>\n\t\t\t\t<span class=\"elementor-counter-number\" data-duration=\"2000\" data-to-value=\"100\" data-from-value=\"0\" data-delimiter=\",\">0<\/span>\n\t\t\t\t<span class=\"elementor-counter-number-suffix\">+<\/span>\n\t\t\t<\/div>\n\t\t<\/div>\n\t\t\t\t\t\t<\/div>\n\t\t\t\t<div class=\"elementor-element elementor-element-12926f3 elementor-widget elementor-widget-heading\" data-id=\"12926f3\" data-element_type=\"widget\" data-widget_type=\"heading.default\">\n\t\t\t\t\t<h4 class=\"elementor-heading-title elementor-size-default\">Personas han mejorado su bienestar<\/h4>\t\t\t\t<\/div>\n\t\t\t\t<\/div>\n\t\t\t\t<\/div>\n\t\t\t\t<\/div>\n\t\t<div class=\"elementor-element elementor-element-43e446d e-con-full e-flex e-con e-child\" data-id=\"43e446d\" data-element_type=\"container\">\n\t\t\t\t<div class=\"elementor-element elementor-element-d798c50 elementor-widget elementor-widget-image\" data-id=\"d798c50\" data-element_type=\"widget\" data-widget_type=\"image.default\">\n\t\t\t\t\t\t\t\t\t\t\t\t\t\t\t<img decoding=\"async\" src=\"https:\/\/lauraortizpsicologia.com\/wp-content\/uploads\/elementor\/thumbs\/DSC04865-scaled-revvxtdc03wr0rnucgcjk941reyvxbemu07xf54ca8.jpg\" title=\"DSC04865\" alt=\"DSC04865\" loading=\"lazy\" \/>\t\t\t\t\t\t\t\t\t\t\t\t\t\t\t<\/div>\n\t\t\t\t<\/div>\n\t\t\t\t<\/div>\n\t\t\t\t\t<\/div>\n\t\t\t\t<\/div>\n\t\t\t\t<\/div>\n\t\t","protected":false},"excerpt":{"rendered":"<p>SOBRE M\u00cd Sobre mi Hola, soy Laura, psic\u00f3loga especializada en ansiedad, autoestima y relaciones personales Trabajo acompa\u00f1ando a personas que atraviesan momentos dif\u00edciles, ayud\u00e1ndolas a comprender lo que sienten y a encontrar recursos para mejorar su bienestar. Mi enfoque es integrador y personalizado, porque cada persona y cada proceso son \u00fanicos. En cada sesi\u00f3n creamos [&hellip;]<\/p>\n","protected":false},"author":1,"featured_media":0,"parent":0,"menu_order":0,"comment_status":"closed","ping_status":"closed","template":"","meta":{"_joinchat":[],"footnotes":""},"class_list":["post-134","page","type-page","status-publish","hentry"],"_links":{"self":[{"href":"https:\/\/lauraortizpsicologia.com\/index.php\/wp-json\/wp\/v2\/pages\/134","targetHints":{"allow":["GET"]}}],"collection":[{"href":"https:\/\/lauraortizpsicologia.com\/index.php\/wp-json\/wp\/v2\/pages"}],"about":[{"href":"https:\/\/lauraortizpsicologia.com\/index.php\/wp-json\/wp\/v2\/types\/page"}],"author":[{"embeddable":true,"href":"https:\/\/lauraortizpsicologia.com\/index.php\/wp-json\/wp\/v2\/users\/1"}],"replies":[{"embeddable":true,"href":"https:\/\/lauraortizpsicologia.com\/index.php\/wp-json\/wp\/v2\/comments?post=134"}],"version-history":[{"count":34,"href":"https:\/\/lauraortizpsicologia.com\/index.php\/wp-json\/wp\/v2\/pages\/134\/revisions"}],"predecessor-version":[{"id":527,"href":"https:\/\/lauraortizpsicologia.com\/index.php\/wp-json\/wp\/v2\/pages\/134\/revisions\/527"}],"wp:attachment":[{"href":"https:\/\/lauraortizpsicologia.com\/index.php\/wp-json\/wp\/v2\/media?parent=134"}],"curies":[{"name":"wp","href":"https:\/\/api.w.org\/{rel}","templated":true}]}}