{"id":146,"date":"2025-10-30T10:45:32","date_gmt":"2025-10-30T10:45:32","guid":{"rendered":"https:\/\/lauraortizpsicologia.com\/?page_id=146"},"modified":"2026-02-24T12:37:29","modified_gmt":"2026-02-24T12:37:29","slug":"servicios","status":"publish","type":"page","link":"https:\/\/lauraortizpsicologia.com\/index.php\/servicios\/","title":{"rendered":"Servicios"},"content":{"rendered":"\t\t<div data-elementor-type=\"wp-page\" data-elementor-id=\"146\" class=\"elementor elementor-146\" data-elementor-post-type=\"page\">\n\t\t\t\t<div class=\"elementor-element elementor-element-6f9768a6 e-flex e-con-boxed e-con e-parent\" data-id=\"6f9768a6\" data-element_type=\"container\" data-settings=\"{&quot;background_background&quot;:&quot;classic&quot;}\">\n\t\t\t\t\t<div class=\"e-con-inner\">\n\t\t\t\t<div class=\"elementor-element elementor-element-2b422eb5 elementor-widget elementor-widget-heading\" data-id=\"2b422eb5\" data-element_type=\"widget\" data-widget_type=\"heading.default\">\n\t\t\t\t\t<h2 class=\"elementor-heading-title elementor-size-default\">SERVICIOS<\/h2>\t\t\t\t<\/div>\n\t\t\t\t\t<\/div>\n\t\t\t\t<\/div>\n\t\t<div class=\"elementor-element elementor-element-61d2e002 e-flex e-con-boxed e-con e-parent\" data-id=\"61d2e002\" data-element_type=\"container\">\n\t\t\t\t\t<div class=\"e-con-inner\">\n\t\t<div class=\"elementor-element elementor-element-5611f619 e-con-full e-flex e-con e-child\" data-id=\"5611f619\" data-element_type=\"container\">\n\t\t\t\t<div class=\"elementor-element elementor-element-237ff1a elementor-widget__width-initial elementor-widget elementor-widget-heading\" data-id=\"237ff1a\" data-element_type=\"widget\" data-widget_type=\"heading.default\">\n\t\t\t\t\t<h2 class=\"elementor-heading-title elementor-size-default\">Acompa\u00f1\u00e1ndote en cada paso de tu proceso\n<\/h2>\t\t\t\t<\/div>\n\t\t\t\t<div class=\"elementor-element elementor-element-75d04ffa elementor-widget__width-initial elementor-widget elementor-widget-text-editor\" data-id=\"75d04ffa\" data-element_type=\"widget\" data-widget_type=\"text-editor.default\">\n\t\t\t\t\t\t\t\t\t<p class=\"p1\">Encontrar apoyo emocional es un acto de valent\u00eda. Mi objetivo es acompa\u00f1arte en un espacio seguro, respetuoso y sin juicios, donde puedas comprender lo que sientes, encontrar calma y construir herramientas para cuidar tu bienestar. De forma conjunta, trabajaremos para recuperar tu equilibrio emocional y avanzar hacia una vida m\u00e1s plena y consciente.<\/p>\t\t\t\t\t\t\t\t<\/div>\n\t\t<div class=\"elementor-element elementor-element-f5abbc5 e-grid e-con-full e-con e-child\" data-id=\"f5abbc5\" data-element_type=\"container\">\n\t\t<div class=\"elementor-element elementor-element-296eb47 e-con-full animated-slow e-flex elementor-invisible e-con e-child\" data-id=\"296eb47\" data-element_type=\"container\" data-settings=\"{&quot;background_background&quot;:&quot;classic&quot;,&quot;animation&quot;:&quot;slideInUp&quot;}\">\n\t\t\t\t<div class=\"elementor-element elementor-element-2dde9ad elementor-widget elementor-widget-image\" data-id=\"2dde9ad\" data-element_type=\"widget\" data-widget_type=\"image.default\">\n\t\t\t\t\t\t\t\t\t\t\t\t\t\t\t<img decoding=\"async\" src=\"https:\/\/lauraortizpsicologia.com\/wp-content\/uploads\/elementor\/thumbs\/DSC04862-scaled-rf9nj7yja6gu6gp9gsywqs0ye4iullwlocw2u6ps3s.jpg\" title=\"DSC04862\" alt=\"DSC04862\" loading=\"lazy\" \/>\t\t\t\t\t\t\t\t\t\t\t\t\t\t\t<\/div>\n\t\t\t\t<\/div>\n\t\t<div class=\"elementor-element elementor-element-d3b0c0b e-con-full animated-fast e-flex elementor-invisible e-con e-child\" data-id=\"d3b0c0b\" data-element_type=\"container\" data-settings=\"{&quot;background_background&quot;:&quot;classic&quot;,&quot;animation&quot;:&quot;slideInUp&quot;}\">\n\t\t\t\t<div class=\"elementor-element elementor-element-c21ef4b elementor-widget elementor-widget-heading\" data-id=\"c21ef4b\" data-element_type=\"widget\" data-widget_type=\"heading.default\">\n\t\t\t\t\t<h2 class=\"elementor-heading-title elementor-size-default\">Ansiedad y Estr\u00e9s<\/h2>\t\t\t\t<\/div>\n\t\t\t\t<div class=\"elementor-element elementor-element-4d13e2b elementor-widget elementor-widget-text-editor\" data-id=\"4d13e2b\" data-element_type=\"widget\" data-widget_type=\"text-editor.default\">\n\t\t\t\t\t\t\t\t\t<p class=\"p1\">Cuando la preocupaci\u00f3n, la tensi\u00f3n o la inquietud afectan tu descanso, tu concentraci\u00f3n o tu d\u00eda a d\u00eda, es importante encontrar un espacio seguro para comprender qu\u00e9 est\u00e1 pasando.<\/p><p class=\"p1\">Trabajaremos unidos para identificar las causas, regular tus emociones y desarrollar herramientas que te ayuden a recuperar la calma, el equilibrio y una sensaci\u00f3n de control sobre tu bienestar.<\/p>\t\t\t\t\t\t\t\t<\/div>\n\t\t\t\t<\/div>\n\t\t<div class=\"elementor-element elementor-element-e94bf07 e-con-full animated-fast e-flex elementor-invisible e-con e-child\" data-id=\"e94bf07\" data-element_type=\"container\" data-settings=\"{&quot;background_background&quot;:&quot;classic&quot;,&quot;animation&quot;:&quot;slideInUp&quot;}\">\n\t\t\t\t<div class=\"elementor-element elementor-element-21f6fa8 elementor-widget elementor-widget-heading\" data-id=\"21f6fa8\" data-element_type=\"widget\" data-widget_type=\"heading.default\">\n\t\t\t\t\t<h2 class=\"elementor-heading-title elementor-size-default\">Relaciones y Parejas<\/h2>\t\t\t\t<\/div>\n\t\t\t\t<div class=\"elementor-element elementor-element-5cea49c elementor-widget elementor-widget-text-editor\" data-id=\"5cea49c\" data-element_type=\"widget\" data-widget_type=\"text-editor.default\">\n\t\t\t\t\t\t\t\t\t<p class=\"p1\">Las relaciones pueden darnos apoyo o generar frustraci\u00f3n y distancia. Si est\u00e1s viviendo conflictos, dificultades de comunicaci\u00f3n o inseguridad en tus v\u00ednculos, te acompa\u00f1o a explorar tus emociones, necesidades y patrones relacionales.<\/p><p class=\"p1\">Aprender\u00e1s estrategias para fortalecer la comunicaci\u00f3n, crear relaciones m\u00e1s sanas y conectar con los dem\u00e1s de forma m\u00e1s segura y consciente.<\/p>\t\t\t\t\t\t\t\t<\/div>\n\t\t\t\t<\/div>\n\t\t<div class=\"elementor-element elementor-element-bf84e3d e-con-full e-flex e-con e-child\" data-id=\"bf84e3d\" data-element_type=\"container\">\n\t\t\t\t<div class=\"elementor-element elementor-element-a9e4fa4 elementor-widget elementor-widget-image\" data-id=\"a9e4fa4\" data-element_type=\"widget\" data-widget_type=\"image.default\">\n\t\t\t\t\t\t\t\t\t\t\t\t\t\t\t<img decoding=\"async\" src=\"https:\/\/lauraortizpsicologia.com\/wp-content\/uploads\/elementor\/thumbs\/DSC04997-scaled-rf9njbpw1ilzgwjsuulf0r2sro0bgebj0vi0rak7ew.jpg\" title=\"DSC04997\" alt=\"DSC04997\" loading=\"lazy\" \/>\t\t\t\t\t\t\t\t\t\t\t\t\t\t\t<\/div>\n\t\t\t\t<\/div>\n\t\t<div class=\"elementor-element elementor-element-29e0c0d e-con-full animated-slow e-flex elementor-invisible e-con e-child\" data-id=\"29e0c0d\" data-element_type=\"container\" data-settings=\"{&quot;background_background&quot;:&quot;classic&quot;,&quot;animation&quot;:&quot;slideInUp&quot;}\">\n\t\t\t\t<div class=\"elementor-element elementor-element-363ea6c elementor-widget elementor-widget-image\" data-id=\"363ea6c\" data-element_type=\"widget\" data-widget_type=\"image.default\">\n\t\t\t\t\t\t\t\t\t\t\t\t\t\t\t<img decoding=\"async\" src=\"https:\/\/lauraortizpsicologia.com\/wp-content\/uploads\/elementor\/thumbs\/DSC04908-scaled-e1764156334557-rf9t5hu7zpd6lkvxbqlot8gwe5je0rx5tiunossv48.jpg\" title=\"DSC04908\" alt=\"DSC04908\" loading=\"lazy\" \/>\t\t\t\t\t\t\t\t\t\t\t\t\t\t\t<\/div>\n\t\t\t\t<\/div>\n\t\t<div class=\"elementor-element elementor-element-0e98822 e-con-full animated-fast e-flex elementor-invisible e-con e-child\" data-id=\"0e98822\" data-element_type=\"container\" data-settings=\"{&quot;background_background&quot;:&quot;classic&quot;,&quot;animation&quot;:&quot;slideInUp&quot;}\">\n\t\t\t\t<div class=\"elementor-element elementor-element-c386d4e elementor-widget elementor-widget-heading\" data-id=\"c386d4e\" data-element_type=\"widget\" data-widget_type=\"heading.default\">\n\t\t\t\t\t<h2 class=\"elementor-heading-title elementor-size-default\">Depresi\u00f3n y Motivaci\u00f3n<\/h2>\t\t\t\t<\/div>\n\t\t\t\t<div class=\"elementor-element elementor-element-9def14a elementor-widget elementor-widget-text-editor\" data-id=\"9def14a\" data-element_type=\"widget\" data-widget_type=\"text-editor.default\">\n\t\t\t\t\t\t\t\t\t<p class=\"p1\">A veces la tristeza, la falta de energ\u00eda o la p\u00e9rdida de inter\u00e9s hacen que todo cueste m\u00e1s. Si sientes des\u00e1nimo o dificultad para encontrar motivaci\u00f3n, este es un espacio para expresarte sin juicios y comprender lo que est\u00e1s viviendo.<\/p><p class=\"p1\">Trabajaremos para recuperar bienestar, energ\u00eda y prop\u00f3sito, acompa\u00f1\u00e1ndote con herramientas basadas en la evidencia y un enfoque respetuoso y cercano.<\/p>\t\t\t\t\t\t\t\t<\/div>\n\t\t\t\t<\/div>\n\t\t<div class=\"elementor-element elementor-element-77d39a8 e-con-full animated-fast e-flex elementor-invisible e-con e-child\" data-id=\"77d39a8\" data-element_type=\"container\" data-settings=\"{&quot;background_background&quot;:&quot;classic&quot;,&quot;animation&quot;:&quot;slideInUp&quot;}\">\n\t\t\t\t<div class=\"elementor-element elementor-element-9177d31 elementor-widget elementor-widget-heading\" data-id=\"9177d31\" data-element_type=\"widget\" data-widget_type=\"heading.default\">\n\t\t\t\t\t<h2 class=\"elementor-heading-title elementor-size-default\">Crecimiento Personal<\/h2>\t\t\t\t<\/div>\n\t\t\t\t<div class=\"elementor-element elementor-element-ef9ea21 elementor-widget elementor-widget-text-editor\" data-id=\"ef9ea21\" data-element_type=\"widget\" data-widget_type=\"text-editor.default\">\n\t\t\t\t\t\t\t\t\t<p class=\"p1\">El crecimiento personal implica conocerte, escuchar tus necesidades y avanzar hacia una vida m\u00e1s alineada contigo. Si sientes inseguridad, bloqueo o autoexigencia, te acompa\u00f1o a fortalecer tu autoestima, clarificar tus objetivos y tomar decisiones desde un lugar de confianza y equilibrio.<\/p><p class=\"p1\">Juntas\/os construiremos recursos para desarrollar tu potencial y bienestar a largo plazo.<\/p>\t\t\t\t\t\t\t\t<\/div>\n\t\t\t\t<\/div>\n\t\t<div class=\"elementor-element elementor-element-408a262 e-con-full animated-slow e-flex elementor-invisible e-con e-child\" data-id=\"408a262\" data-element_type=\"container\" data-settings=\"{&quot;background_background&quot;:&quot;classic&quot;,&quot;animation&quot;:&quot;slideInUp&quot;}\">\n\t\t\t\t<div class=\"elementor-element elementor-element-af128f2 elementor-widget elementor-widget-image\" data-id=\"af128f2\" data-element_type=\"widget\" data-widget_type=\"image.default\">\n\t\t\t\t\t\t\t\t\t\t\t\t\t\t\t<img decoding=\"async\" src=\"https:\/\/lauraortizpsicologia.com\/wp-content\/uploads\/elementor\/thumbs\/12_noviembre_DSC04897-Mejorado-NR-scaled-rhqle0sxyg11hb8pb0hrj3p4lv4r2e4721y3uthbbc.jpg\" title=\"12_noviembre_DSC04897-Mejorado-NR\" alt=\"12_noviembre_DSC04897-Mejorado-NR\" loading=\"lazy\" \/>\t\t\t\t\t\t\t\t\t\t\t\t\t\t\t<\/div>\n\t\t\t\t<\/div>\n\t\t\t\t<\/div>\n\t\t\t\t<\/div>\n\t\t\t\t\t<\/div>\n\t\t\t\t<\/div>\n\t\t<div class=\"elementor-element elementor-element-d4256d4 e-flex e-con-boxed e-con e-parent\" data-id=\"d4256d4\" data-element_type=\"container\" data-settings=\"{&quot;background_background&quot;:&quot;classic&quot;}\">\n\t\t\t\t\t<div class=\"e-con-inner\">\n\t\t\t\t<div class=\"elementor-element elementor-element-6cb96aa elementor-align-center elementor-widget elementor-widget-button\" data-id=\"6cb96aa\" data-element_type=\"widget\" data-widget_type=\"button.default\">\n\t\t\t\t\t\t\t\t\t\t<a class=\"elementor-button elementor-button-link elementor-size-sm\" href=\"https:\/\/lauraortizpsicologia.com\/index.php\/contacto\/\">\n\t\t\t\t\t\t<span class=\"elementor-button-content-wrapper\">\n\t\t\t\t\t\t\t\t\t<span class=\"elementor-button-text\">Reserva tu sesi\u00f3n<\/span>\n\t\t\t\t\t<\/span>\n\t\t\t\t\t<\/a>\n\t\t\t\t\t\t\t\t<\/div>\n\t\t\t\t\t<\/div>\n\t\t\t\t<\/div>\n\t\t\t\t<\/div>\n\t\t","protected":false},"excerpt":{"rendered":"<p>SERVICIOS Acompa\u00f1\u00e1ndote en cada paso de tu proceso Encontrar apoyo emocional es un acto de valent\u00eda. Mi objetivo es acompa\u00f1arte en un espacio seguro, respetuoso y sin juicios, donde puedas comprender lo que sientes, encontrar calma y construir herramientas para cuidar tu bienestar. De forma conjunta, trabajaremos para recuperar tu equilibrio emocional y avanzar hacia [&hellip;]<\/p>\n","protected":false},"author":1,"featured_media":0,"parent":0,"menu_order":0,"comment_status":"closed","ping_status":"closed","template":"","meta":{"_joinchat":[],"footnotes":""},"class_list":["post-146","page","type-page","status-publish","hentry"],"_links":{"self":[{"href":"https:\/\/lauraortizpsicologia.com\/index.php\/wp-json\/wp\/v2\/pages\/146","targetHints":{"allow":["GET"]}}],"collection":[{"href":"https:\/\/lauraortizpsicologia.com\/index.php\/wp-json\/wp\/v2\/pages"}],"about":[{"href":"https:\/\/lauraortizpsicologia.com\/index.php\/wp-json\/wp\/v2\/types\/page"}],"author":[{"embeddable":true,"href":"https:\/\/lauraortizpsicologia.com\/index.php\/wp-json\/wp\/v2\/users\/1"}],"replies":[{"embeddable":true,"href":"https:\/\/lauraortizpsicologia.com\/index.php\/wp-json\/wp\/v2\/comments?post=146"}],"version-history":[{"count":115,"href":"https:\/\/lauraortizpsicologia.com\/index.php\/wp-json\/wp\/v2\/pages\/146\/revisions"}],"predecessor-version":[{"id":547,"href":"https:\/\/lauraortizpsicologia.com\/index.php\/wp-json\/wp\/v2\/pages\/146\/revisions\/547"}],"wp:attachment":[{"href":"https:\/\/lauraortizpsicologia.com\/index.php\/wp-json\/wp\/v2\/media?parent=146"}],"curies":[{"name":"wp","href":"https:\/\/api.w.org\/{rel}","templated":true}]}}